{"id":43,"date":"2025-01-15T15:01:03","date_gmt":"2025-01-15T15:01:03","guid":{"rendered":"http:\/\/localhost\/minhphatprint\/?page_id=43"},"modified":"2025-01-18T18:39:15","modified_gmt":"2025-01-18T18:39:15","slug":"gioithieu","status":"publish","type":"page","link":"https:\/\/minhphatprint.com.vn\/index.php\/gioithieu\/","title":{"rendered":"Gioithieu"},"content":{"rendered":"\t<section class=\"section dark\" id=\"section_1192465934\">\n\t\t<div class=\"bg section-bg fill bg-fill  \" >\n\n\t\t\t\n\t\t\t<div class=\"section-bg-overlay absolute fill\"><\/div>\n\t\t\t\n\n\t\t<\/div>\n\n\t\t\n\n\t\t<div class=\"section-content relative\">\n\t\t\t\n\t<div id=\"gap-559770612\" class=\"gap-element clearfix\" style=\"display:block; height:auto;\">\n\t\t\n<style>\n#gap-559770612 {\n  padding-top: 30px;\n}\n<\/style>\n\t<\/div>\n\t\n<div class=\"row align-center\"  id=\"row-1246328519\">\n\n\t<div id=\"col-921240149\" class=\"col medium-8 small-12 large-7\"  >\n\t\t\t\t<div class=\"col-inner text-center\"  >\n\t\t\t\n\t\t\t\n\t<div id=\"text-1422999390\" class=\"text\">\n\t\t\n<p>Minh Ph\u00e1t Print<\/p>\n\t\t\n<style>\n#text-1422999390 {\n  line-height: 0.75;\n}\n<\/style>\n\t<\/div>\n\t\n\t<div id=\"gap-1931017658\" class=\"gap-element clearfix\" style=\"display:block; height:auto;\">\n\t\t\n<style>\n#gap-1931017658 {\n  padding-top: 5px;\n}\n<\/style>\n\t<\/div>\n\t\n\t<div id=\"text-1237083463\" class=\"text\">\n\t\t\n<h3>Gi\u1ea3i ph\u00e1p in \u1ea5n ho\u00e0n h\u1ea3o<\/h3>\n\t\t\n<style>\n#text-1237083463 {\n  font-size: 2.25rem;\n  line-height: 1;\n}\n@media (min-width:550px) {\n  #text-1237083463 {\n    font-size: 2.5rem;\n  }\n}\n@media (min-width:850px) {\n  #text-1237083463 {\n    line-height: 0.75;\n  }\n}\n<\/style>\n\t<\/div>\n\t\n<p>Cung c\u1ea5p d\u1ecbch v\u1ee5 in ch\u1ea5t l\u01b0\u1ee3ng cao, t\u1eeb thi\u1ebft k\u1ebf \u0111\u1ebfn s\u1ea3n ph\u1ea9m cu\u1ed1i c\u00f9ng, \u0111\u1ea3m b\u1ea3o \u0111\u00e1p \u1ee9ng m\u1ecdi nhu c\u1ea7u c\u1ee7a kh\u00e1ch h\u00e0ng v\u1edbi c\u00f4ng ngh\u1ec7 hi\u1ec7n \u0111\u1ea1i v\u00e0 quy tr\u00ecnh chuy\u00ean nghi\u1ec7p.<\/p>\n\t<div id=\"stack-2111536313\" class=\"stack stack-row justify-center items-stretch\">\n\t\t\n<a class=\"button white\"  style=\"border-radius:5px;padding:5px 30px 5px 30px;\">\n    <span>\u0110\u1eb7t h\u00e0ng ngay<\/span>\n  <i class=\"icon-checkmark\" ><\/i><\/a>\n\n<a class=\"button white is-outline\"  style=\"border-radius:5px;padding:5px 30px 5px 30px;\">\n    <span>Xem th\u00eam<\/span>\n  <\/a>\n\n\t\t\n<style>\n#stack-2111536313 > * {\n  --stack-gap: 0.75rem;\n}\n<\/style>\n\t<\/div>\n\t\n\t\t<\/div>\n\t\t\t\t\t<\/div>\n\n\t\n<\/div>\n\t\t<\/div>\n\n\t\t\n<style>\n#section_1192465934 {\n  padding-top: 30px;\n  padding-bottom: 30px;\n  min-height: 500px;\n  background-color: rgb(0, 0, 0);\n}\n#section_1192465934 .section-bg-overlay {\n  background-color: rgba(49, 49, 49, 0.715);\n}\n#section_1192465934 .section-bg.bg-loaded {\n  background-image: url(https:\/\/minhphatprint.com.vn\/wp-content\/uploads\/2025\/01\/01_printing-industry-trends-header.jpg);\n}\n#section_1192465934 .section-bg {\n  background-position: 54% 100%;\n}\n#section_1192465934 .ux-shape-divider--top svg {\n  height: 150px;\n  --divider-top-width: 100%;\n}\n#section_1192465934 .ux-shape-divider--bottom svg {\n  height: 150px;\n  --divider-width: 100%;\n}\n@media (min-width:550px) {\n  #section_1192465934 {\n    min-height: 500px;\n  }\n}\n@media (min-width:850px) {\n  #section_1192465934 {\n    min-height: 637px;\n  }\n}\n<\/style>\n\t<\/section>\n\t\n\t<section class=\"section\" id=\"section_1164124108\">\n\t\t<div class=\"bg section-bg fill bg-fill  bg-loaded\" >\n\n\t\t\t\n\t\t\t\n\t\t\t\n\n\t\t<\/div>\n\n\t\t\n\n\t\t<div class=\"section-content relative\">\n\t\t\t\n<div class=\"row align-center\"  id=\"row-2103956439\">\n\n\t<div id=\"col-130792996\" class=\"col medium-6 small-12 large-6\"  >\n\t\t\t\t<div class=\"col-inner text-center\"  >\n\t\t\t\n\t\t\t\n\t<div id=\"gap-1592879739\" class=\"gap-element clearfix\" style=\"display:block; height:auto;\">\n\t\t\n<style>\n#gap-1592879739 {\n  padding-top: 30px;\n}\n<\/style>\n\t<\/div>\n\t\n\t<div id=\"text-1337501816\" class=\"text\">\n\t\t\n<h3>D\u1ecbch V\u1ee5 C\u1ee7a Ch\u00fang T\u00f4i<\/h3>\n\t\t\n<style>\n#text-1337501816 {\n  font-size: 2.25rem;\n  line-height: 0.75;\n}\n<\/style>\n\t<\/div>\n\t\n<p>Ch\u00fang t\u00f4i cung c\u1ea5p r\u1ea5t nhi\u1ec1u d\u1ecbch v\u1ee5 lien quan \u0111\u1ebfn in \u1ea5n v\u00e0 gia c\u00f4ng bao b\u00ec cho s\u1ea3n ph\u1ea9m gi\u1ea5y<\/p>\n\t\t<\/div>\n\t\t\t\t\t<\/div>\n\n\t\n<\/div>\n<div class=\"row row-small align-equal row-box-shadow-3-hover\"  id=\"row-1737172126\">\n\n\t<div id=\"col-1618389267\" class=\"col medium-4 small-12 large-4\"  >\n\t\t\t\t<div class=\"col-inner\" style=\"background-color:rgb(255, 250, 238);\" >\n\t\t\t\n\t\t\t\n\n\t<a class=\"plain\" href=\"#\"  >\t<div class=\"icon-box featured-box icon-box-center text-center\"  >\n\t\t\t\t<div class=\"icon-box-text last-reset\">\n\t\t\t\t\t\t\t\t\t\n\t<div id=\"text-613457139\" class=\"text\">\n\t\t\n<h2>Bao \u0110\u0169a<\/h2>\n\t\t\n<style>\n#text-613457139 {\n  font-size: 1rem;\n}\n@media (min-width:850px) {\n  #text-613457139 {\n    font-size: 1.25rem;\n  }\n}\n<\/style>\n\t<\/div>\n\t\n\t<div id=\"gap-2120945000\" class=\"gap-element clearfix\" style=\"display:block; height:auto;\">\n\t\t\n<style>\n#gap-2120945000 {\n  padding-top: 10px;\n}\n<\/style>\n\t<\/div>\n\t\n<a class=\"button secondary is-link is-small lowercase\"  >\n    <span>\u0110\u1eb7t h\u00e0ng ngay<\/span>\n  <i class=\"icon-angle-right\" ><\/i><\/a>\n\n\t\t<\/div>\n\t<\/div>\n\t<\/a>\n\t\n\t\t<\/div>\n\t\t\t\t\t<\/div>\n\n\t\n\n\t<div id=\"col-259677148\" class=\"col medium-4 small-12 large-4\"  >\n\t\t\t\t<div class=\"col-inner\" style=\"background-color:rgb(235, 241, 251);\" >\n\t\t\t\n\t\t\t\n\n\t<a class=\"plain\" href=\"#\"  >\t<div class=\"icon-box featured-box icon-box-center text-center\"  >\n\t\t\t\t<div class=\"icon-box-text last-reset\">\n\t\t\t\t\t\t\t\t\t\n\t<div id=\"text-2332913916\" class=\"text\">\n\t\t\n<h2>L\u1ecbch Cu\u1ed1n<\/h2>\n\t\t\n<style>\n#text-2332913916 {\n  font-size: 1rem;\n}\n@media (min-width:850px) {\n  #text-2332913916 {\n    font-size: 1.25rem;\n  }\n}\n<\/style>\n\t<\/div>\n\t\n\t<div id=\"gap-636862782\" class=\"gap-element clearfix\" style=\"display:block; height:auto;\">\n\t\t\n<style>\n#gap-636862782 {\n  padding-top: 10px;\n}\n<\/style>\n\t<\/div>\n\t\n<a class=\"button secondary is-link is-small lowercase\"  >\n    <span>\u0110\u1eb7t h\u00e0ng ngay<\/span>\n  <i class=\"icon-angle-right\" ><\/i><\/a>\n\n\t\t<\/div>\n\t<\/div>\n\t<\/a>\n\t\n\t\t<\/div>\n\t\t\t\t\t<\/div>\n\n\t\n\n\t<div id=\"col-1014941511\" class=\"col medium-4 small-12 large-4\"  >\n\t\t\t\t<div class=\"col-inner\" style=\"background-color:rgb(255, 241, 250);\" >\n\t\t\t\n\t\t\t\n\n\t<a class=\"plain\" href=\"#\"  >\t<div class=\"icon-box featured-box icon-box-center text-center\"  >\n\t\t\t\t<div class=\"icon-box-text last-reset\">\n\t\t\t\t\t\t\t\t\t\n\t<div id=\"text-4093104104\" class=\"text\">\n\t\t\n<h2>Bao L\u00ec X\u00ec<\/h2>\n\t\t\n<style>\n#text-4093104104 {\n  font-size: 1rem;\n}\n@media (min-width:850px) {\n  #text-4093104104 {\n    font-size: 1.25rem;\n  }\n}\n<\/style>\n\t<\/div>\n\t\n\t<div id=\"gap-962547579\" class=\"gap-element clearfix\" style=\"display:block; height:auto;\">\n\t\t\n<style>\n#gap-962547579 {\n  padding-top: 10px;\n}\n<\/style>\n\t<\/div>\n\t\n<a class=\"button secondary is-link is-small lowercase\"  >\n    <span>\u0110\u1eb7t h\u00e0ng ngay<\/span>\n  <i class=\"icon-angle-right\" ><\/i><\/a>\n\n\t\t<\/div>\n\t<\/div>\n\t<\/a>\n\t\n\t\t<\/div>\n\t\t\t\t\t<\/div>\n\n\t\n\n\t<div id=\"col-1991178532\" class=\"col medium-4 small-12 large-4\"  >\n\t\t\t\t<div class=\"col-inner\" style=\"background-color:rgb(237, 250, 254);\" >\n\t\t\t\n\t\t\t\n\n\t<a class=\"plain\" href=\"#\"  >\t<div class=\"icon-box featured-box icon-box-center text-center\"  >\n\t\t\t\t<div class=\"icon-box-text last-reset\">\n\t\t\t\t\t\t\t\t\t\n\t<div id=\"text-792639216\" class=\"text\">\n\t\t\n<h2>Bao Th\u01b0<\/h2>\n\t\t\n<style>\n#text-792639216 {\n  font-size: 1rem;\n}\n@media (min-width:850px) {\n  #text-792639216 {\n    font-size: 1.25rem;\n  }\n}\n<\/style>\n\t<\/div>\n\t\n\t<div id=\"gap-117410143\" class=\"gap-element clearfix\" style=\"display:block; height:auto;\">\n\t\t\n<style>\n#gap-117410143 {\n  padding-top: 10px;\n}\n<\/style>\n\t<\/div>\n\t\n<a class=\"button secondary is-link is-small lowercase\"  >\n    <span>\u0110\u1eb7t h\u00e0ng ngay<\/span>\n  <i class=\"icon-angle-right\" ><\/i><\/a>\n\n\t\t<\/div>\n\t<\/div>\n\t<\/a>\n\t\n\t\t<\/div>\n\t\t\t\t\t<\/div>\n\n\t\n\n\t<div id=\"col-1620414328\" class=\"col medium-4 small-12 large-4\"  >\n\t\t\t\t<div class=\"col-inner\" style=\"background-color:rgb(241, 234, 254);\" >\n\t\t\t\n\t\t\t\n\n\t<a class=\"plain\" href=\"#\"  >\t<div class=\"icon-box featured-box icon-box-center text-center\"  >\n\t\t\t\t<div class=\"icon-box-text last-reset\">\n\t\t\t\t\t\t\t\t\t\n\t<div id=\"text-1282422397\" class=\"text\">\n\t\t\n<h2>T\u00fai Gi\u1ea5y<\/h2>\n\t\t\n<style>\n#text-1282422397 {\n  font-size: 1rem;\n}\n@media (min-width:850px) {\n  #text-1282422397 {\n    font-size: 1.25rem;\n  }\n}\n<\/style>\n\t<\/div>\n\t\n\t<div id=\"gap-665247531\" class=\"gap-element clearfix\" style=\"display:block; height:auto;\">\n\t\t\n<style>\n#gap-665247531 {\n  padding-top: 10px;\n}\n<\/style>\n\t<\/div>\n\t\n<a class=\"button secondary is-link is-small lowercase\"  >\n    <span>\u0110\u1eb7t h\u00e0ng ngay<\/span>\n  <i class=\"icon-angle-right\" ><\/i><\/a>\n\n\t\t<\/div>\n\t<\/div>\n\t<\/a>\n\t\n\t\t<\/div>\n\t\t\t\t\t<\/div>\n\n\t\n\n\t<div id=\"col-1246098682\" class=\"col medium-4 small-12 large-4\"  >\n\t\t\t\t<div class=\"col-inner\" style=\"background-color:rgb(228, 248, 246);\" >\n\t\t\t\n\t\t\t\n\n\t<a class=\"plain\" href=\"#\"  >\t<div class=\"icon-box featured-box icon-box-center text-center\"  >\n\t\t\t\t<div class=\"icon-box-text last-reset\">\n\t\t\t\t\t\t\t\t\t\n\t<div id=\"text-3170145227\" class=\"text\">\n\t\t\n<h2>In C\u00e1c Lo\u1ea1i<\/h2>\n\t\t\n<style>\n#text-3170145227 {\n  font-size: 1rem;\n}\n@media (min-width:850px) {\n  #text-3170145227 {\n    font-size: 1.25rem;\n  }\n}\n<\/style>\n\t<\/div>\n\t\n\t<div id=\"gap-243548928\" class=\"gap-element clearfix\" style=\"display:block; height:auto;\">\n\t\t\n<style>\n#gap-243548928 {\n  padding-top: 10px;\n}\n<\/style>\n\t<\/div>\n\t\n<a class=\"button secondary is-link is-small lowercase\"  >\n    <span>\u0110\u1eb7t h\u00e0ng ngay<\/span>\n  <i class=\"icon-angle-right\" ><\/i><\/a>\n\n\t\t<\/div>\n\t<\/div>\n\t<\/a>\n\t\n\t\t<\/div>\n\t\t\t\t\t<\/div>\n\n\t\n\n<style>\n#row-1737172126 > .col > .col-inner {\n  padding: 30px 20px 30px 20px;\n  border-radius: 5px;\n}\n@media (min-width:850px) {\n  #row-1737172126 > .col > .col-inner {\n    padding: 70px 40px 70px 40px;\n  }\n}\n<\/style>\n<\/div>\n\t\t<\/div>\n\n\t\t\n<style>\n#section_1164124108 {\n  padding-top: 40px;\n  padding-bottom: 40px;\n}\n#section_1164124108 .ux-shape-divider--top svg {\n  height: 150px;\n  --divider-top-width: 100%;\n}\n#section_1164124108 .ux-shape-divider--bottom svg {\n  height: 150px;\n  --divider-width: 100%;\n}\n@media (min-width:550px) {\n  #section_1164124108 {\n    padding-top: 70px;\n    padding-bottom: 70px;\n  }\n}\n<\/style>\n\t<\/section>\n\t\n","protected":false},"excerpt":{"rendered":"","protected":false},"author":1,"featured_media":0,"parent":0,"menu_order":0,"comment_status":"closed","ping_status":"closed","template":"","meta":{"footnotes":""},"class_list":["post-43","page","type-page","status-publish","hentry"],"_links":{"self":[{"href":"https:\/\/minhphatprint.com.vn\/index.php\/wp-json\/wp\/v2\/pages\/43","targetHints":{"allow":["GET"]}}],"collection":[{"href":"https:\/\/minhphatprint.com.vn\/index.php\/wp-json\/wp\/v2\/pages"}],"about":[{"href":"https:\/\/minhphatprint.com.vn\/index.php\/wp-json\/wp\/v2\/types\/page"}],"author":[{"embeddable":true,"href":"https:\/\/minhphatprint.com.vn\/index.php\/wp-json\/wp\/v2\/users\/1"}],"replies":[{"embeddable":true,"href":"https:\/\/minhphatprint.com.vn\/index.php\/wp-json\/wp\/v2\/comments?post=43"}],"version-history":[{"count":0,"href":"https:\/\/minhphatprint.com.vn\/index.php\/wp-json\/wp\/v2\/pages\/43\/revisions"}],"wp:attachment":[{"href":"https:\/\/minhphatprint.com.vn\/index.php\/wp-json\/wp\/v2\/media?parent=43"}],"curies":[{"name":"wp","href":"https:\/\/api.w.org\/{rel}","templated":true}]}}